{"id":4447,"date":"2025-10-03T15:58:23","date_gmt":"2025-10-03T12:58:23","guid":{"rendered":"https:\/\/heidisekonomi.fi\/?page_id=4447"},"modified":"2025-12-18T15:31:24","modified_gmt":"2025-12-18T13:31:24","slug":"prislista","status":"publish","type":"page","link":"https:\/\/heidisekonomi.fi\/sv\/prislista\/","title":{"rendered":"Prislista"},"content":{"rendered":"\n<div class=\"wp-block-cover alignfull is-light has-parallax ylakuva\"><div class=\"wp-block-cover__image-background wp-image-4420 size-large has-parallax\" style=\"background-position:50% 50%;background-image:url(https:\/\/heidisekonomi.fi\/wp-content\/uploads\/2025\/10\/shutterstock-1118779250-1024x683.jpg)\"><\/div><span aria-hidden=\"true\" class=\"wp-block-cover__background has-red-background-color has-background-dim-20 has-background-dim\"><\/span><div class=\"wp-block-cover__inner-container is-layout-constrained wp-block-cover-is-layout-constrained\">\n<h1 class=\"wp-block-heading has-text-align-center\" style=\"font-size:55px\">Prislista<\/h1>\n<\/div><\/div>\n\n\n\n<div class=\"wp-block-group alignfull has-pink-background-color has-background\"><div class=\"wp-block-group__inner-container is-layout-constrained wp-block-group-is-layout-constrained\">\n<div class=\"wp-block-columns is-style-default has-pink-background-color has-background is-layout-flex wp-container-core-columns-is-layout-9d6595d7 wp-block-columns-is-layout-flex\">\n<div class=\"wp-block-column is-layout-flow wp-block-column-is-layout-flow\">\n<h3 class=\"wp-block-heading\">Grundtj\u00e4nster<\/h3>\n\n\n\n<ul class=\"wp-block-list\">\n<li>Bokf\u00f6ring: fr\u00e5n 75 \u20ac\/m\u00e5nad inkl. m\u00e5nadsrapportering<\/li>\n\n\n\n<li>Bokslut: fr\u00e5n 120 \u20ac\/m\u00e5nad<\/li>\n\n\n\n<li>Skattedeklaration: fr\u00e5n 120 \u20ac<\/li>\n<\/ul>\n\n\n\n<h3 class=\"wp-block-heading\">L\u00f6neadministration<\/h3>\n\n\n\n<ul class=\"wp-block-list\">\n<li>L\u00f6neber\u00e4kning: fr\u00e5n 20 \u20ac\/l\u00f6nespecifikation<\/li>\n<\/ul>\n<\/div>\n\n\n\n<div class=\"wp-block-column is-layout-flow wp-block-column-is-layout-flow\">\n<h3 class=\"wp-block-heading\">R\u00e5dgivning och konsultation<\/h3>\n\n\n\n<ul class=\"wp-block-list\">\n<li>F\u00f6retagsbildning: fr\u00e5n 200 \u20ac<\/li>\n\n\n\n<li>Skatter\u00e5dgivning: fr\u00e5n 120 \u20ac\/h<\/li>\n\n\n\n<li>Ekonomif\u00f6rvaltning, konsultation: fr\u00e5n 120 \u20ac\/h<\/li>\n<\/ul>\n\n\n\n<h3 class=\"wp-block-heading\">Till\u00e4ggstj\u00e4nster<\/h3>\n\n\n\n<ul class=\"wp-block-list\">\n<li>Leverant\u00f6rsreskontra \/ kundreskontra: fr\u00e5n 63 \u20ac\/h<\/li>\n\n\n\n<li>Faktureringstj\u00e4nst: fr\u00e5n 63 \u20ac\/h<\/li>\n\n\n\n<li>\u00d6vriga tj\u00e4nster: enligt \u00f6verenskommelse<\/li>\n<\/ul>\n<\/div>\n<\/div>\n\n\n\n<p class=\"has-text-align-center\">Alla priser \u00e4r exkl. moms, merv\u00e4rdesskatt tillkommer enligt g\u00e4llande skattesats.<\/p>\n<\/div><\/div>\n\n\n\n<div class=\"wp-block-cover alignfull is-light has-parallax is-style-default\"><div class=\"wp-block-cover__image-background wp-image-4246 has-parallax\" style=\"background-position:50% 50%;background-image:url(https:\/\/heidisekonomi.fi\/wp-content\/uploads\/2023\/08\/etusivu-3-heidis-ekonomi-scaled.jpg)\"><\/div><span aria-hidden=\"true\" class=\"wp-block-cover__background has-background-dim-10 has-background-dim\"><\/span><div class=\"wp-block-cover__inner-container is-layout-flow wp-block-cover-is-layout-flow\">\n<p class=\"has-text-align-center\" style=\"font-size:36px\">Kontakta oss s\u00e5 f\u00e5r vi tillsammans ordning ditt f\u00f6retagsekonomi!<\/p>\n\n\n\n<p class=\"has-text-align-center\" style=\"font-size:28px\">Ring eller skicka en kontaktf\u00f6rfr\u00e5gan via e-post.<\/p>\n\n\n\n<div class=\"wp-block-buttons mb-0 mt-3 is-content-justification-center is-layout-flex wp-container-core-buttons-is-layout-28206b41 wp-block-buttons-is-layout-flex\">\n<div class=\"wp-block-button is-style-fill\"><a class=\"wp-block-button__link wp-element-button\" href=\"tel:0407755574\">Ring: 040 775 5574<\/a><\/div>\n\n\n\n<div class=\"wp-block-button is-style-fill\"><a class=\"wp-block-button__link wp-element-button\" href=\"mailto:info@heidisekonomi.fi\">info@heidisekonomi.fi<\/a><\/div>\n<\/div>\n<\/div><\/div>\n","protected":false},"excerpt":{"rendered":"<p>Grundtj\u00e4nster L\u00f6neadministration R\u00e5dgivning och konsultation Till\u00e4ggstj\u00e4nster Alla priser \u00e4r exkl. moms, merv\u00e4rdesskatt tillkommer enligt g\u00e4llande skattesats.<\/p>\n","protected":false},"author":1,"featured_media":0,"parent":0,"menu_order":0,"comment_status":"closed","ping_status":"closed","template":"","meta":{"_acf_changed":false,"footnotes":""},"class_list":["post-4447","page","type-page","status-publish","hentry"],"acf":[],"aioseo_notices":[],"_links":{"self":[{"href":"https:\/\/heidisekonomi.fi\/sv\/wp-json\/wp\/v2\/pages\/4447","targetHints":{"allow":["GET"]}}],"collection":[{"href":"https:\/\/heidisekonomi.fi\/sv\/wp-json\/wp\/v2\/pages"}],"about":[{"href":"https:\/\/heidisekonomi.fi\/sv\/wp-json\/wp\/v2\/types\/page"}],"author":[{"embeddable":true,"href":"https:\/\/heidisekonomi.fi\/sv\/wp-json\/wp\/v2\/users\/1"}],"replies":[{"embeddable":true,"href":"https:\/\/heidisekonomi.fi\/sv\/wp-json\/wp\/v2\/comments?post=4447"}],"version-history":[{"count":3,"href":"https:\/\/heidisekonomi.fi\/sv\/wp-json\/wp\/v2\/pages\/4447\/revisions"}],"predecessor-version":[{"id":4451,"href":"https:\/\/heidisekonomi.fi\/sv\/wp-json\/wp\/v2\/pages\/4447\/revisions\/4451"}],"wp:attachment":[{"href":"https:\/\/heidisekonomi.fi\/sv\/wp-json\/wp\/v2\/media?parent=4447"}],"curies":[{"name":"wp","href":"https:\/\/api.w.org\/{rel}","templated":true}]}}