{"id":4328,"date":"2021-09-28T13:58:57","date_gmt":"2021-09-28T10:58:57","guid":{"rendered":"https:\/\/heidisekonomi.fi\/tietosuojaseloste\/"},"modified":"2023-11-14T09:53:36","modified_gmt":"2023-11-14T07:53:36","slug":"sekretesspolicy","status":"publish","type":"page","link":"https:\/\/heidisekonomi.fi\/sv\/sekretesspolicy\/","title":{"rendered":"Sekretesspolicy"},"content":{"rendered":"\n<p><strong>1. Registeransvarig<\/strong><br>Heidis Ekonomi Ab<br>FO-nummer: 3236136-1<br><br>Tfn: 040-775 5574<\/p>\n\n\n\n<p><strong>2. Handl\u00e4ggare av register\u00e4renden<\/strong><br>Veckj\u00e4rviv\u00e4gen 3 B, 06150 Porvoo<\/p>\n\n\n\n<p>info@heidisekonomi.fi<\/p>\n\n\n\n<p><strong>3. Registrets namn<\/strong><br>Heidis Ekonomi Ab:s marknadsf\u00f6rings och analysregister<\/p>\n\n\n\n<p><strong>4. Avsikten med att behandla personuppgifter<\/strong><br>Avsikten med registret \u00e4r att sk\u00f6ta kundrelationen mellan den registeransvariga och kunden samt marknadsf\u00f6ring och kommunikation. Registerhanteringen och handl\u00e4ggningen av uppgifter kan \u00f6verl\u00e5tas \u00e5t den registeransvarigas samarbetspartner som har f\u00f6rbundit sig att f\u00f6lja denna registerbeskrivning.<\/p>\n\n\n\n<p><strong>5. Registrets datainneh\u00e5ll<\/strong><br>Registret kan inneh\u00e5lla f\u00f6ljande uppgifter om en kund:<br>\u2013 Namn<br>\u2013 Telefonnummer<br>\u2013 Adress<br>\u2013 E-postadress<br>\u2013 Organisationens namn och FO-nummer<br>\u2013 Kontaktlogg<\/p>\n\n\n\n<p><strong>6. Regelm\u00e4ssiga informationsk\u00e4llor<\/strong><br>Till registret samlas uppgifter fr\u00e5n den registeransvarigas kunddatabas och fr\u00e5n verktyget som f\u00f6ljer upp webbplatsens bes\u00f6kare, \u00f6ppna k\u00e4llor p\u00e5 internet och \u00f6vriga offentliga k\u00e4llor samt gratis och avgiftsbelagda k\u00e4llor.<\/p>\n\n\n\n<p><strong>7. Regelm\u00e4ssig \u00f6verl\u00e5telse av data<\/strong><br>Den registeransvariga \u00f6verl\u00e5ter inte uppgifter \u00e5t utomst\u00e5ende bortsett fr\u00e5n den registeransvarigas samarbetspartner som avses i punkt 4 eller n\u00e4r en \u00f6verl\u00e5telse f\u00f6ruts\u00e4tts av finska myndigheter.<\/p>\n\n\n\n<p><strong>8. \u00d6verf\u00f6ring av uppgifter till stater utanf\u00f6r EU eller EES<\/strong><br>I huvudsak \u00f6verf\u00f6rs inga personuppgifter till l\u00e4nder utanf\u00f6r den Europeiska unionen eller det Europeiska ekonomiska samarbetsomr\u00e5det.<\/p>\n\n\n\n<p><strong>9. Principer f\u00f6r skydd av registret<\/strong><br>Personuppgifterna lagras konfidentiellt. Den registeransvarigas och dess eventuella datapartners informationsn\u00e4tverk och utrustningen d\u00e4r registret finns har skyddats med en brandmur och \u00f6vriga n\u00f6dv\u00e4ndiga tekniska \u00e5tg\u00e4rder.<\/p>\n\n\n\n<p><strong>10. Kakor<\/strong><br>Den registeransvariga kan anv\u00e4nda kakor p\u00e5 sina sidor f\u00f6r att f\u00f6rb\u00e4ttra anv\u00e4ndarupplevelsen. Kakor \u00e4r en textfil som sparas p\u00e5 anv\u00e4ndarens dator n\u00e4r denna bes\u00f6ker en sajt. Filen inneh\u00e5ller uppgifter som anv\u00e4nds bl.a. till marknadsf\u00f6ring och f\u00f6r att utveckla sajten. Med hj\u00e4lp av kakor samlar man in uppgifter om hur sajten anv\u00e4nds. Anv\u00e4ndarens identitet framg\u00e5r inte med st\u00f6d av kakorna. En anv\u00e4ndare kan avl\u00e4gsna kakorna fr\u00e5n webbl\u00e4sarens inst\u00e4llningar. Den registeransvariga garanterar inte att sajten fungerar p\u00e5 r\u00e4tt s\u00e4tt efter detta.<\/p>\n\n\n\n<p><strong>1. Rekisterinpit\u00e4j\u00e4<\/strong><br>Heidis Ekonomi Ab<br>Y-tunnus: 3236136-1<\/p>\n\n\n\n<p>Puh: 040-775 5574<\/p>\n\n\n\n<p><strong>2. Yhteyshenkil\u00f6 rekisteri\u00e4 koskevissa asioissa<\/strong><br>info@heidisekonomi.fi<\/p>\n\n\n\n<p><strong>3. Rekisterin nimi<\/strong><br>Markkinointi- ja analytiikkarekisteri:<\/p>\n\n\n<p class=\"wp-block-site-title\">Heidis Ekonomi Ab<\/p>\n\n\n<p><strong>4. Henkil\u00f6tietojen k\u00e4sittelyn tarkoitus<\/strong><br>Rekisterin tarkoituksena on rekisterinpit\u00e4j\u00e4n ja asiakkaan v\u00e4lisen asiakassuhteen hoitaminen, sek\u00e4 markkinointi ja viestint\u00e4. Rekisterin hallinta ja tietojen k\u00e4sittely voidaan ulkoistaa rekisterinpit\u00e4j\u00e4n yhteisty\u00f6kumppanille, joka on sitoutunut noudattamaan t\u00e4t\u00e4 rekisteriselostetta.<\/p>\n\n\n\n<p><strong>5. Rekisterin tietosis\u00e4lt\u00f6<\/strong><br>Rekisteri saattaa sis\u00e4lt\u00e4\u00e4 seuraavia tietoja asiakkaasta:<br>\u2013 Nimi<br>\u2013 Puhelinnumero<br>\u2013 Osoite<br>\u2013 S\u00e4hk\u00f6postiosoite<br>\u2013 Organisaation nimi ja y-tunnus<br>\u2013 Yhteysloki<\/p>\n\n\n\n<p><strong>6. S\u00e4\u00e4nt\u00f6jen mukaiset tietol\u00e4hteet<\/strong><br>Rekisteri koostetaan rekisterinpit\u00e4j\u00e4n asiakastietoj\u00e4rjestelm\u00e4st\u00e4 sek\u00e4 sivuston k\u00e4vij\u00e4seurantaty\u00f6kalusta, yleisesti saatavilla olevista internetl\u00e4hteist\u00e4 ja muista julkisista sek\u00e4 maksuttomista ett\u00e4 maksullisista l\u00e4hteist\u00e4.<\/p>\n\n\n\n<p><strong>7. Tietojen s\u00e4\u00e4nn\u00f6nmukaiset luovutukset<\/strong><br>Rekisterinpit\u00e4j\u00e4 ei luovuta tietoja ulkopuolisille lukuun ottamatta kohdassa 4 mainittua rekisterinpit\u00e4j\u00e4n yhteisty\u00f6kumppania, paitsi Suomen viranomaistoimien niin edellytt\u00e4ess\u00e4.<\/p>\n\n\n\n<p><strong>8. Tietojen siirto EU:n tai ETA:n ulkopuolelle<\/strong><br>Henkil\u00f6tietoja ei p\u00e4\u00e4s\u00e4\u00e4nt\u00f6isesti siirret\u00e4 Euroopan unionin tai Euroopan talousalueen ulkopuolelle.<\/p>\n\n\n\n<p><strong>9. Rekisterin suojauksen periaatteet<\/strong><br>Henkil\u00f6tiedot s\u00e4ilytet\u00e4\u00e4n luottamuksellisina. Rekisterinpit\u00e4j\u00e4n ja sen mahdollisten tietotekniikkakumppaneiden tietoverkko ja laitteisto, jolla rekisteri sijaitsee, on suojattu palomuurilla ja muilla tarvittavilla teknisill\u00e4 toimenpiteill\u00e4.<\/p>\n\n\n\n<p><strong>10. Ev\u00e4steet<\/strong><br>Rekisterinpit\u00e4j\u00e4n sivuilla saatetaan k\u00e4ytt\u00e4\u00e4 ev\u00e4steit\u00e4 k\u00e4ytt\u00f6kokemuksen kehitt\u00e4miseksi. Ev\u00e4ste on tekstitiedosto, joka verkkosivulla k\u00e4ydess\u00e4 tallentuu k\u00e4ytt\u00e4j\u00e4n tietokoneelle. Se sis\u00e4lt\u00e4\u00e4 tietoja ja sit\u00e4 k\u00e4ytet\u00e4\u00e4n mm. markkinointiin ja sivuston kehitt\u00e4miseen. Ev\u00e4steiden avulla ker\u00e4t\u00e4\u00e4n tietoa sivujen k\u00e4yt\u00f6st\u00e4. K\u00e4ytt\u00e4j\u00e4n henkil\u00f6llisyys ei k\u00e4y ilmi ev\u00e4steiden avulla. K\u00e4ytt\u00e4j\u00e4 voi poistaa ev\u00e4steet k\u00e4yt\u00f6st\u00e4 selaimen asetuksista. Rekisterinpit\u00e4j\u00e4n ei takaa, ett\u00e4 sivusto toimii oikein ev\u00e4steiden poistamisen j\u00e4lkeen.<\/p>\n","protected":false},"excerpt":{"rendered":"<p>1. RegisteransvarigHeidis Ekonomi AbFO-nummer: 3236136-1 Tfn: 040-775 5574 2. Handl\u00e4ggare av register\u00e4rendenVeckj\u00e4rviv\u00e4gen 3 B, 06150 Porvoo info@heidisekonomi.fi 3. Registrets namnHeidis Ekonomi Ab:s marknadsf\u00f6rings och analysregister 4. Avsikten med att behandla personuppgifterAvsikten med registret \u00e4r att sk\u00f6ta kundrelationen mellan den registeransvariga och kunden samt marknadsf\u00f6ring och kommunikation. Registerhanteringen och handl\u00e4ggningen av uppgifter kan \u00f6verl\u00e5tas \u00e5t den [&hellip;]<\/p>\n","protected":false},"author":1,"featured_media":0,"parent":0,"menu_order":9999,"comment_status":"closed","ping_status":"closed","template":"","meta":{"_acf_changed":false,"footnotes":""},"class_list":["post-4328","page","type-page","status-publish","hentry"],"acf":[],"aioseo_notices":[],"_links":{"self":[{"href":"https:\/\/heidisekonomi.fi\/sv\/wp-json\/wp\/v2\/pages\/4328","targetHints":{"allow":["GET"]}}],"collection":[{"href":"https:\/\/heidisekonomi.fi\/sv\/wp-json\/wp\/v2\/pages"}],"about":[{"href":"https:\/\/heidisekonomi.fi\/sv\/wp-json\/wp\/v2\/types\/page"}],"author":[{"embeddable":true,"href":"https:\/\/heidisekonomi.fi\/sv\/wp-json\/wp\/v2\/users\/1"}],"replies":[{"embeddable":true,"href":"https:\/\/heidisekonomi.fi\/sv\/wp-json\/wp\/v2\/comments?post=4328"}],"version-history":[{"count":3,"href":"https:\/\/heidisekonomi.fi\/sv\/wp-json\/wp\/v2\/pages\/4328\/revisions"}],"predecessor-version":[{"id":4340,"href":"https:\/\/heidisekonomi.fi\/sv\/wp-json\/wp\/v2\/pages\/4328\/revisions\/4340"}],"wp:attachment":[{"href":"https:\/\/heidisekonomi.fi\/sv\/wp-json\/wp\/v2\/media?parent=4328"}],"curies":[{"name":"wp","href":"https:\/\/api.w.org\/{rel}","templated":true}]}}